{"id":1025,"date":"2023-01-11T12:13:16","date_gmt":"2023-01-11T11:13:16","guid":{"rendered":"https:\/\/www.pb.pl\/silaprzyciagania\/?page_id=1025"},"modified":"2026-01-21T09:25:59","modified_gmt":"2026-01-21T08:25:59","slug":"gala","status":"publish","type":"page","link":"https:\/\/www.pb.pl\/silaprzyciagania\/gala\/","title":{"rendered":"&#8222;Si\u0142a Przyci\u0105gania 2025&#8221;"},"content":{"rendered":"<p>&nbsp;<\/p>\n<p>Mamy przyjemno\u015b\u0107 zaprosi\u0107 na\u00a0 gal\u0119 podsumowuj\u0105c\u0105 10. edycj\u0119 konkursu \u201eSi\u0142a Przyci\u0105gania\u201d, kt\u00f3ra odb\u0119dzie si\u0119 17 lutego 2026 r. w Centrum Kreatywno\u015bci Targowa (ul. Targowa 56, Warszawa).<\/p>\n<p>Agenda wydarzenia:<\/p>\n<p>19:00 \u2013 przybycie go\u015bci, welcome drink<br \/>\n19:30 \u2013 oficjalne rozpocz\u0119cie gali<br \/>\n19:40 \u2013 20:20 \u2013 wr\u0119czenie nagr\u00f3d laureatom<br \/>\n20:20 \u2013 23:00 \u2013 bankiet<\/p>\n<p>W celu rejestracji \u2013 prosimy o wype\u0142nienie formularza poni\u017cej.<\/p>\n<p>Udzia\u0142 w wydarzeniu jest bezp\u0142atny. Organizator zastrzega sobie prawo do nieprzyj\u0119cia zg\u0142oszenia os\u00f3b, kt\u00f3re nie otrzyma\u0142y zaproszenia od Organizatora.<\/p>\n<p>Wiecz\u00f3r ma charakter uroczysty \u2013 str\u00f3j wizytowy b\u0119dzie mile widziany.<\/p>\n","protected":false},"excerpt":{"rendered":"<p>&nbsp; Mamy przyjemno\u015b\u0107 zaprosi\u0107 na\u00a0 gal\u0119 podsumowuj\u0105c\u0105 10. edycj\u0119 konkursu \u201eSi\u0142a Przyci\u0105gania\u201d, kt\u00f3ra odb\u0119dzie si\u0119 17 lutego 2026 r. w Centrum Kreatywno\u015bci Targowa (ul. Targowa 56, Warszawa). Agenda wydarzenia: 19:00 \u2013 przybycie go\u015bci, welcome drink 19:30 \u2013 oficjalne rozpocz\u0119cie gali 19:40 \u2013 20:20 \u2013 wr\u0119czenie nagr\u00f3d laureatom 20:20 \u2013 23:00 \u2013 bankiet W celu rejestracji [&hellip;]<\/p>\n","protected":false},"author":1,"featured_media":0,"parent":0,"menu_order":4,"comment_status":"closed","ping_status":"closed","template":"page-submit-gala.php","meta":{"footnotes":""},"class_list":["post-1025","page","type-page","status-publish","hentry"],"_links":{"self":[{"href":"https:\/\/www.pb.pl\/silaprzyciagania\/wp-json\/wp\/v2\/pages\/1025","targetHints":{"allow":["GET"]}}],"collection":[{"href":"https:\/\/www.pb.pl\/silaprzyciagania\/wp-json\/wp\/v2\/pages"}],"about":[{"href":"https:\/\/www.pb.pl\/silaprzyciagania\/wp-json\/wp\/v2\/types\/page"}],"author":[{"embeddable":true,"href":"https:\/\/www.pb.pl\/silaprzyciagania\/wp-json\/wp\/v2\/users\/1"}],"replies":[{"embeddable":true,"href":"https:\/\/www.pb.pl\/silaprzyciagania\/wp-json\/wp\/v2\/comments?post=1025"}],"version-history":[{"count":20,"href":"https:\/\/www.pb.pl\/silaprzyciagania\/wp-json\/wp\/v2\/pages\/1025\/revisions"}],"predecessor-version":[{"id":2023,"href":"https:\/\/www.pb.pl\/silaprzyciagania\/wp-json\/wp\/v2\/pages\/1025\/revisions\/2023"}],"wp:attachment":[{"href":"https:\/\/www.pb.pl\/silaprzyciagania\/wp-json\/wp\/v2\/media?parent=1025"}],"curies":[{"name":"wp","href":"https:\/\/api.w.org\/{rel}","templated":true}]}}