{"id":538,"date":"2021-04-08T15:52:40","date_gmt":"2021-04-08T13:52:40","guid":{"rendered":"http:\/\/sp.iat.com.pl\/?page_id=538"},"modified":"2023-09-19T15:39:19","modified_gmt":"2023-09-19T13:39:19","slug":"o-konkursie","status":"publish","type":"page","link":"https:\/\/www.pb.pl\/silaprzyciagania\/o-konkursie\/","title":{"rendered":"O konkursie"},"content":{"rendered":"<p style=\"background: white; margin: 0cm 0cm 9.0pt 0cm;\"><span style=\"font-family: 'Lato',sans-serif; color: #232220;\">Nagradzamy organizacje, kt\u00f3re widz\u0105 potencja\u0142 w budowaniu swojego wizerunku jako atrakcyjnego pracodawcy, przyk\u0142adaj\u0105 du\u017c\u0105 wag\u0119 do w\u0142a\u015bciwego wdro\u017cenia nowo zatrudnionych os\u00f3b oraz dbaj\u0105 o ich zaanga\u017cowanie i rozw\u00f3j.<\/span><\/p>\n<p style=\"background: white; margin: 0cm 0cm 9.0pt 0cm;\"><span style=\"font-family: 'Lato',sans-serif; color: #232220;\">W konkursie mo\u017ce wzi\u0105\u0107 udzia\u0142 ka\u017cda firma, kt\u00f3ra chce si\u0119 pochwali\u0107 swoimi praktykami z obszaru employer branding i HR. Doceniamy nie tylko gigant\u00f3w rynku pracy, ale te\u017c mniejsze firmy i start-upy.<\/span><\/p>\n","protected":false},"excerpt":{"rendered":"<p>Nagradzamy organizacje, kt\u00f3re widz\u0105 potencja\u0142 w budowaniu swojego wizerunku jako atrakcyjnego pracodawcy, przyk\u0142adaj\u0105 du\u017c\u0105 wag\u0119 do w\u0142a\u015bciwego wdro\u017cenia nowo zatrudnionych os\u00f3b oraz dbaj\u0105 o ich zaanga\u017cowanie i rozw\u00f3j. W konkursie mo\u017ce wzi\u0105\u0107 udzia\u0142 ka\u017cda firma, kt\u00f3ra chce si\u0119 pochwali\u0107 swoimi praktykami z obszaru employer branding i HR. Doceniamy nie tylko gigant\u00f3w rynku pracy, ale te\u017c [&hellip;]<\/p>\n","protected":false},"author":1,"featured_media":0,"parent":0,"menu_order":12,"comment_status":"closed","ping_status":"closed","template":"","meta":{"footnotes":""},"class_list":["post-538","page","type-page","status-publish","hentry"],"_links":{"self":[{"href":"https:\/\/www.pb.pl\/silaprzyciagania\/wp-json\/wp\/v2\/pages\/538","targetHints":{"allow":["GET"]}}],"collection":[{"href":"https:\/\/www.pb.pl\/silaprzyciagania\/wp-json\/wp\/v2\/pages"}],"about":[{"href":"https:\/\/www.pb.pl\/silaprzyciagania\/wp-json\/wp\/v2\/types\/page"}],"author":[{"embeddable":true,"href":"https:\/\/www.pb.pl\/silaprzyciagania\/wp-json\/wp\/v2\/users\/1"}],"replies":[{"embeddable":true,"href":"https:\/\/www.pb.pl\/silaprzyciagania\/wp-json\/wp\/v2\/comments?post=538"}],"version-history":[{"count":6,"href":"https:\/\/www.pb.pl\/silaprzyciagania\/wp-json\/wp\/v2\/pages\/538\/revisions"}],"predecessor-version":[{"id":1197,"href":"https:\/\/www.pb.pl\/silaprzyciagania\/wp-json\/wp\/v2\/pages\/538\/revisions\/1197"}],"wp:attachment":[{"href":"https:\/\/www.pb.pl\/silaprzyciagania\/wp-json\/wp\/v2\/media?parent=538"}],"curies":[{"name":"wp","href":"https:\/\/api.w.org\/{rel}","templated":true}]}}